{"id":11549,"date":"2022-05-03T09:39:34","date_gmt":"2022-05-03T07:39:34","guid":{"rendered":"https:\/\/www.projectimmo-france.com\/?page_id=11549"},"modified":"2022-05-03T13:43:02","modified_gmt":"2022-05-03T11:43:02","slug":"electricite","status":"publish","type":"page","link":"https:\/\/www.projectimmo-france.com\/index.php\/electricite\/","title":{"rendered":"Electricit\u00e9"},"content":{"rendered":"\n<h2 class=\"wp-block-heading\">Electricit\u00e9<\/h2>\n\n\n\n<p>Toutes les installations \u00e9lectriques supervis\u00e9es par\u00a0<strong>Project&rsquo;immo France<\/strong>\u00a0respectent la norme\u00a0<strong>NF C 15-100<\/strong>\u00a0impos\u00e9e dans le cadre de constructions ou de r\u00e9novations. Nos mises en place de r\u00e9seaux \u00e9lectriques sont r\u00e9alis\u00e9es \u00e0 partir de c\u00e2bles gain\u00e9s r\u00e9pondant \u00e0 la norme\u00a0<strong>EN61386-22<\/strong>.<\/p>\n\n\n\n<p><strong>Project&rsquo;immo France<\/strong>\u00a0met un point d&rsquo;honneur \u00e0 vous offrir des mat\u00e9riaux de qualit\u00e9 (gaines, goulottes, c\u00e2blages, prises de courant, prises RJ45, douilles, isolants, boites de d\u00e9rivation) et vous offre un large choix de produits afin de r\u00e9pondre au mieux \u00e0 vos attentes.<\/p>\n\n\n\n<div class=\"wp-block-columns is-layout-flex wp-container-core-columns-is-layout-9d6595d7 wp-block-columns-is-layout-flex\">\n<div class=\"wp-block-column is-layout-flow wp-block-column-is-layout-flow\">\n<figure class=\"wp-block-image size-large\"><img loading=\"lazy\" decoding=\"async\" width=\"1024\" height=\"681\" src=\"https:\/\/www.projectimmo-france.com\/wp-content\/uploads\/2022\/05\/electrician-g5ddbd76ef_1920-1024x681.jpg\" alt=\"\" class=\"wp-image-11600\" srcset=\"https:\/\/www.projectimmo-france.com\/wp-content\/uploads\/2022\/05\/electrician-g5ddbd76ef_1920-1024x681.jpg 1024w, https:\/\/www.projectimmo-france.com\/wp-content\/uploads\/2022\/05\/electrician-g5ddbd76ef_1920-300x200.jpg 300w, https:\/\/www.projectimmo-france.com\/wp-content\/uploads\/2022\/05\/electrician-g5ddbd76ef_1920-768x511.jpg 768w, https:\/\/www.projectimmo-france.com\/wp-content\/uploads\/2022\/05\/electrician-g5ddbd76ef_1920-1536x1022.jpg 1536w, https:\/\/www.projectimmo-france.com\/wp-content\/uploads\/2022\/05\/electrician-g5ddbd76ef_1920.jpg 1920w\" sizes=\"auto, (max-width: 1024px) 100vw, 1024px\" \/><\/figure>\n<\/div>\n\n\n\n<div class=\"wp-block-column is-layout-flow wp-block-column-is-layout-flow\">\n<figure class=\"wp-block-image size-large\"><img loading=\"lazy\" decoding=\"async\" width=\"1024\" height=\"683\" src=\"https:\/\/www.projectimmo-france.com\/wp-content\/uploads\/2022\/05\/electric-g7b9d13618_1920-1024x683.jpg\" alt=\"\" class=\"wp-image-11599\" srcset=\"https:\/\/www.projectimmo-france.com\/wp-content\/uploads\/2022\/05\/electric-g7b9d13618_1920-1024x683.jpg 1024w, https:\/\/www.projectimmo-france.com\/wp-content\/uploads\/2022\/05\/electric-g7b9d13618_1920-300x200.jpg 300w, https:\/\/www.projectimmo-france.com\/wp-content\/uploads\/2022\/05\/electric-g7b9d13618_1920-768x512.jpg 768w, https:\/\/www.projectimmo-france.com\/wp-content\/uploads\/2022\/05\/electric-g7b9d13618_1920-1536x1024.jpg 1536w, https:\/\/www.projectimmo-france.com\/wp-content\/uploads\/2022\/05\/electric-g7b9d13618_1920.jpg 1920w\" sizes=\"auto, (max-width: 1024px) 100vw, 1024px\" \/><\/figure>\n<\/div>\n<\/div>\n","protected":false},"excerpt":{"rendered":"<p>Electricit\u00e9 Toutes les installations \u00e9lectriques supervis\u00e9es par\u00a0Project&rsquo;immo France\u00a0respectent la norme\u00a0NF C 15-100\u00a0impos\u00e9e dans le cadre de constructions ou de r\u00e9novations. Nos mises en place de r\u00e9seaux \u00e9lectriques sont r\u00e9alis\u00e9es \u00e0 partir de c\u00e2bles gain\u00e9s r\u00e9pondant \u00e0 la norme\u00a0EN61386-22. Project&rsquo;immo France\u00a0met un point d&rsquo;honneur \u00e0 vous offrir des mat\u00e9riaux de qualit\u00e9 (gaines, goulottes, c\u00e2blages, prises de &hellip; <a href=\"https:\/\/www.projectimmo-france.com\/index.php\/electricite\/\" class=\"more-link\">Continue reading <span class=\"screen-reader-text\">Electricit\u00e9<\/span><\/a><\/p>\n","protected":false},"author":1,"featured_media":0,"parent":0,"menu_order":0,"comment_status":"closed","ping_status":"closed","template":"elementor_theme","meta":{"footnotes":""},"class_list":["post-11549","page","type-page","status-publish","hentry"],"yoast_head":"<!-- This site is optimized with the Yoast SEO plugin v18.1 - https:\/\/yoast.com\/wordpress\/plugins\/seo\/ -->\n<title>Electricit\u00e9 - Project&#039;immo<\/title>\n<meta name=\"description\" content=\"Toutes les installations \u00e9lectriques supervis\u00e9es par Project&#039;immo France respectent la norme NF C 15-100 impos\u00e9e dans le cadre de constructions ou de r\u00e9novations. Nos mises en place de r\u00e9seaux \u00e9lectriques sont r\u00e9alis\u00e9es \u00e0 partir de c\u00e2bles gain\u00e9s r\u00e9pondant \u00e0 la norme EN61386-22.Project&#039;immo France met un point d&#039;honneur \u00e0 vous offrir des mat\u00e9riaux de qualit\u00e9 (gaines, goulottes, c\u00e2blages, prises de courant, prises RJ45, douilles, isolants, boites de d\u00e9rivation) et vous offre un large choix de produits afin de r\u00e9pondre au mieux \u00e0 vos attentes.\" \/>\n<meta name=\"robots\" content=\"index, follow, max-snippet:-1, max-image-preview:large, max-video-preview:-1\" \/>\n<link rel=\"canonical\" href=\"https:\/\/www.projectimmo-france.com\/index.php\/electricite\/\" \/>\n<meta property=\"og:locale\" content=\"fr_FR\" \/>\n<meta property=\"og:type\" content=\"article\" \/>\n<meta property=\"og:title\" content=\"Electricit\u00e9 - Project&#039;immo\" \/>\n<meta property=\"og:description\" content=\"Toutes les installations \u00e9lectriques supervis\u00e9es par Project&#039;immo France respectent la norme NF C 15-100 impos\u00e9e dans le cadre de constructions ou de r\u00e9novations. Nos mises en place de r\u00e9seaux \u00e9lectriques sont r\u00e9alis\u00e9es \u00e0 partir de c\u00e2bles gain\u00e9s r\u00e9pondant \u00e0 la norme EN61386-22.Project&#039;immo France met un point d&#039;honneur \u00e0 vous offrir des mat\u00e9riaux de qualit\u00e9 (gaines, goulottes, c\u00e2blages, prises de courant, prises RJ45, douilles, isolants, boites de d\u00e9rivation) et vous offre un large choix de produits afin de r\u00e9pondre au mieux \u00e0 vos attentes.\" \/>\n<meta property=\"og:url\" content=\"https:\/\/www.projectimmo-france.com\/index.php\/electricite\/\" \/>\n<meta property=\"og:site_name\" content=\"Project&#039;immo\" \/>\n<meta property=\"article:modified_time\" content=\"2022-05-03T11:43:02+00:00\" \/>\n<meta property=\"og:image\" content=\"https:\/\/www.projectimmo-france.com\/wp-content\/uploads\/2022\/05\/electrician-g5ddbd76ef_1920-1024x681.jpg\" \/>\n<meta name=\"twitter:card\" content=\"summary_large_image\" \/>\n<meta name=\"twitter:label1\" content=\"Dur\u00e9e de lecture estim\u00e9e\" \/>\n\t<meta name=\"twitter:data1\" content=\"1 minute\" \/>\n<script type=\"application\/ld+json\" class=\"yoast-schema-graph\">{\"@context\":\"https:\/\/schema.org\",\"@graph\":[{\"@type\":\"WebSite\",\"@id\":\"https:\/\/www.projectimmo-france.com\/#website\",\"url\":\"https:\/\/www.projectimmo-france.com\/\",\"name\":\"Project&#039;immo\",\"description\":\"R\u00e9novation, travaux, optimisation, conseil immobilier Malakoff Paris\",\"potentialAction\":[{\"@type\":\"SearchAction\",\"target\":{\"@type\":\"EntryPoint\",\"urlTemplate\":\"https:\/\/www.projectimmo-france.com\/?s={search_term_string}\"},\"query-input\":\"required name=search_term_string\"}],\"inLanguage\":\"fr-FR\"},{\"@type\":\"ImageObject\",\"@id\":\"https:\/\/www.projectimmo-france.com\/index.php\/electricite\/#primaryimage\",\"inLanguage\":\"fr-FR\",\"url\":\"https:\/\/www.projectimmo-france.com\/wp-content\/uploads\/2022\/05\/electrician-g5ddbd76ef_1920.jpg\",\"contentUrl\":\"https:\/\/www.projectimmo-france.com\/wp-content\/uploads\/2022\/05\/electrician-g5ddbd76ef_1920.jpg\",\"width\":1920,\"height\":1277},{\"@type\":\"WebPage\",\"@id\":\"https:\/\/www.projectimmo-france.com\/index.php\/electricite\/#webpage\",\"url\":\"https:\/\/www.projectimmo-france.com\/index.php\/electricite\/\",\"name\":\"Electricit\u00e9 - Project&#039;immo\",\"isPartOf\":{\"@id\":\"https:\/\/www.projectimmo-france.com\/#website\"},\"primaryImageOfPage\":{\"@id\":\"https:\/\/www.projectimmo-france.com\/index.php\/electricite\/#primaryimage\"},\"datePublished\":\"2022-05-03T07:39:34+00:00\",\"dateModified\":\"2022-05-03T11:43:02+00:00\",\"description\":\"Toutes les installations \u00e9lectriques supervis\u00e9es par Project'immo France respectent la norme NF C 15-100 impos\u00e9e dans le cadre de constructions ou de r\u00e9novations. Nos mises en place de r\u00e9seaux \u00e9lectriques sont r\u00e9alis\u00e9es \u00e0 partir de c\u00e2bles gain\u00e9s r\u00e9pondant \u00e0 la norme EN61386-22.Project'immo France met un point d'honneur \u00e0 vous offrir des mat\u00e9riaux de qualit\u00e9 (gaines, goulottes, c\u00e2blages, prises de courant, prises RJ45, douilles, isolants, boites de d\u00e9rivation) et vous offre un large choix de produits afin de r\u00e9pondre au mieux \u00e0 vos attentes.\",\"breadcrumb\":{\"@id\":\"https:\/\/www.projectimmo-france.com\/index.php\/electricite\/#breadcrumb\"},\"inLanguage\":\"fr-FR\",\"potentialAction\":[{\"@type\":\"ReadAction\",\"target\":[\"https:\/\/www.projectimmo-france.com\/index.php\/electricite\/\"]}]},{\"@type\":\"BreadcrumbList\",\"@id\":\"https:\/\/www.projectimmo-france.com\/index.php\/electricite\/#breadcrumb\",\"itemListElement\":[{\"@type\":\"ListItem\",\"position\":1,\"name\":\"Accueil\",\"item\":\"https:\/\/www.projectimmo-france.com\/\"},{\"@type\":\"ListItem\",\"position\":2,\"name\":\"Electricit\u00e9\"}]}]}<\/script>\n<!-- \/ Yoast SEO plugin. -->","yoast_head_json":{"title":"Electricit\u00e9 - Project&#039;immo","description":"Toutes les installations \u00e9lectriques supervis\u00e9es par Project'immo France respectent la norme NF C 15-100 impos\u00e9e dans le cadre de constructions ou de r\u00e9novations. Nos mises en place de r\u00e9seaux \u00e9lectriques sont r\u00e9alis\u00e9es \u00e0 partir de c\u00e2bles gain\u00e9s r\u00e9pondant \u00e0 la norme EN61386-22.Project'immo France met un point d'honneur \u00e0 vous offrir des mat\u00e9riaux de qualit\u00e9 (gaines, goulottes, c\u00e2blages, prises de courant, prises RJ45, douilles, isolants, boites de d\u00e9rivation) et vous offre un large choix de produits afin de r\u00e9pondre au mieux \u00e0 vos attentes.","robots":{"index":"index","follow":"follow","max-snippet":"max-snippet:-1","max-image-preview":"max-image-preview:large","max-video-preview":"max-video-preview:-1"},"canonical":"https:\/\/www.projectimmo-france.com\/index.php\/electricite\/","og_locale":"fr_FR","og_type":"article","og_title":"Electricit\u00e9 - Project&#039;immo","og_description":"Toutes les installations \u00e9lectriques supervis\u00e9es par Project'immo France respectent la norme NF C 15-100 impos\u00e9e dans le cadre de constructions ou de r\u00e9novations. Nos mises en place de r\u00e9seaux \u00e9lectriques sont r\u00e9alis\u00e9es \u00e0 partir de c\u00e2bles gain\u00e9s r\u00e9pondant \u00e0 la norme EN61386-22.Project'immo France met un point d'honneur \u00e0 vous offrir des mat\u00e9riaux de qualit\u00e9 (gaines, goulottes, c\u00e2blages, prises de courant, prises RJ45, douilles, isolants, boites de d\u00e9rivation) et vous offre un large choix de produits afin de r\u00e9pondre au mieux \u00e0 vos attentes.","og_url":"https:\/\/www.projectimmo-france.com\/index.php\/electricite\/","og_site_name":"Project&#039;immo","article_modified_time":"2022-05-03T11:43:02+00:00","og_image":[{"url":"https:\/\/www.projectimmo-france.com\/wp-content\/uploads\/2022\/05\/electrician-g5ddbd76ef_1920-1024x681.jpg"}],"twitter_card":"summary_large_image","twitter_misc":{"Dur\u00e9e de lecture estim\u00e9e":"1 minute"},"schema":{"@context":"https:\/\/schema.org","@graph":[{"@type":"WebSite","@id":"https:\/\/www.projectimmo-france.com\/#website","url":"https:\/\/www.projectimmo-france.com\/","name":"Project&#039;immo","description":"R\u00e9novation, travaux, optimisation, conseil immobilier Malakoff Paris","potentialAction":[{"@type":"SearchAction","target":{"@type":"EntryPoint","urlTemplate":"https:\/\/www.projectimmo-france.com\/?s={search_term_string}"},"query-input":"required name=search_term_string"}],"inLanguage":"fr-FR"},{"@type":"ImageObject","@id":"https:\/\/www.projectimmo-france.com\/index.php\/electricite\/#primaryimage","inLanguage":"fr-FR","url":"https:\/\/www.projectimmo-france.com\/wp-content\/uploads\/2022\/05\/electrician-g5ddbd76ef_1920.jpg","contentUrl":"https:\/\/www.projectimmo-france.com\/wp-content\/uploads\/2022\/05\/electrician-g5ddbd76ef_1920.jpg","width":1920,"height":1277},{"@type":"WebPage","@id":"https:\/\/www.projectimmo-france.com\/index.php\/electricite\/#webpage","url":"https:\/\/www.projectimmo-france.com\/index.php\/electricite\/","name":"Electricit\u00e9 - Project&#039;immo","isPartOf":{"@id":"https:\/\/www.projectimmo-france.com\/#website"},"primaryImageOfPage":{"@id":"https:\/\/www.projectimmo-france.com\/index.php\/electricite\/#primaryimage"},"datePublished":"2022-05-03T07:39:34+00:00","dateModified":"2022-05-03T11:43:02+00:00","description":"Toutes les installations \u00e9lectriques supervis\u00e9es par Project'immo France respectent la norme NF C 15-100 impos\u00e9e dans le cadre de constructions ou de r\u00e9novations. Nos mises en place de r\u00e9seaux \u00e9lectriques sont r\u00e9alis\u00e9es \u00e0 partir de c\u00e2bles gain\u00e9s r\u00e9pondant \u00e0 la norme EN61386-22.Project'immo France met un point d'honneur \u00e0 vous offrir des mat\u00e9riaux de qualit\u00e9 (gaines, goulottes, c\u00e2blages, prises de courant, prises RJ45, douilles, isolants, boites de d\u00e9rivation) et vous offre un large choix de produits afin de r\u00e9pondre au mieux \u00e0 vos attentes.","breadcrumb":{"@id":"https:\/\/www.projectimmo-france.com\/index.php\/electricite\/#breadcrumb"},"inLanguage":"fr-FR","potentialAction":[{"@type":"ReadAction","target":["https:\/\/www.projectimmo-france.com\/index.php\/electricite\/"]}]},{"@type":"BreadcrumbList","@id":"https:\/\/www.projectimmo-france.com\/index.php\/electricite\/#breadcrumb","itemListElement":[{"@type":"ListItem","position":1,"name":"Accueil","item":"https:\/\/www.projectimmo-france.com\/"},{"@type":"ListItem","position":2,"name":"Electricit\u00e9"}]}]}},"_links":{"self":[{"href":"https:\/\/www.projectimmo-france.com\/index.php\/wp-json\/wp\/v2\/pages\/11549","targetHints":{"allow":["GET"]}}],"collection":[{"href":"https:\/\/www.projectimmo-france.com\/index.php\/wp-json\/wp\/v2\/pages"}],"about":[{"href":"https:\/\/www.projectimmo-france.com\/index.php\/wp-json\/wp\/v2\/types\/page"}],"author":[{"embeddable":true,"href":"https:\/\/www.projectimmo-france.com\/index.php\/wp-json\/wp\/v2\/users\/1"}],"replies":[{"embeddable":true,"href":"https:\/\/www.projectimmo-france.com\/index.php\/wp-json\/wp\/v2\/comments?post=11549"}],"version-history":[{"count":2,"href":"https:\/\/www.projectimmo-france.com\/index.php\/wp-json\/wp\/v2\/pages\/11549\/revisions"}],"predecessor-version":[{"id":11601,"href":"https:\/\/www.projectimmo-france.com\/index.php\/wp-json\/wp\/v2\/pages\/11549\/revisions\/11601"}],"wp:attachment":[{"href":"https:\/\/www.projectimmo-france.com\/index.php\/wp-json\/wp\/v2\/media?parent=11549"}],"curies":[{"name":"wp","href":"https:\/\/api.w.org\/{rel}","templated":true}]}}