{"id":11559,"date":"2022-05-03T09:46:10","date_gmt":"2022-05-03T07:46:10","guid":{"rendered":"https:\/\/www.projectimmo-france.com\/?page_id=11559"},"modified":"2022-05-03T13:48:42","modified_gmt":"2022-05-03T11:48:42","slug":"carrelage","status":"publish","type":"page","link":"https:\/\/www.projectimmo-france.com\/index.php\/carrelage\/","title":{"rendered":"Carrelage"},"content":{"rendered":"\n<h2 class=\"wp-block-heading\">Carrelage<\/h2>\n\n\n\n<p>Incontournable de la construction ou de la r\u00e9novation, le carrelage est de plus en plus utilis\u00e9. Une fois de plus\u00a0<strong>Project&rsquo;immo-france\u00a0<\/strong>ne l\u00e9sine pas sur les qualit\u00e9s et vous offre un large choix de produits pour r\u00e9pondre \u00e0 votre demande. <\/p>\n\n\n\n<p>Haute r\u00e9sistance, \u00e9tanch\u00e9it\u00e9 garantie, d\u00e9coupes propres et poses minutieuses, nos \u00e9quipes interviennent sur toutes surfaces, sols et murs.<\/p>\n\n\n\n<div class=\"wp-block-columns is-layout-flex wp-container-core-columns-is-layout-9d6595d7 wp-block-columns-is-layout-flex\">\n<div class=\"wp-block-column is-layout-flow wp-block-column-is-layout-flow\">\n<figure class=\"wp-block-image size-large\"><img loading=\"lazy\" decoding=\"async\" width=\"1024\" height=\"681\" src=\"https:\/\/www.projectimmo-france.com\/wp-content\/uploads\/2022\/05\/building-1080596_1920-1024x681.jpg\" alt=\"\" class=\"wp-image-11607\" srcset=\"https:\/\/www.projectimmo-france.com\/wp-content\/uploads\/2022\/05\/building-1080596_1920-1024x681.jpg 1024w, https:\/\/www.projectimmo-france.com\/wp-content\/uploads\/2022\/05\/building-1080596_1920-300x200.jpg 300w, https:\/\/www.projectimmo-france.com\/wp-content\/uploads\/2022\/05\/building-1080596_1920-768x511.jpg 768w, https:\/\/www.projectimmo-france.com\/wp-content\/uploads\/2022\/05\/building-1080596_1920-1536x1022.jpg 1536w, https:\/\/www.projectimmo-france.com\/wp-content\/uploads\/2022\/05\/building-1080596_1920.jpg 1920w\" sizes=\"auto, (max-width: 1024px) 100vw, 1024px\" \/><\/figure>\n<\/div>\n\n\n\n<div class=\"wp-block-column is-layout-flow wp-block-column-is-layout-flow\">\n<figure class=\"wp-block-image size-large\"><img loading=\"lazy\" decoding=\"async\" width=\"1024\" height=\"681\" src=\"https:\/\/www.projectimmo-france.com\/wp-content\/uploads\/2022\/05\/building-1080602_1920-1024x681.jpg\" alt=\"\" class=\"wp-image-11608\" srcset=\"https:\/\/www.projectimmo-france.com\/wp-content\/uploads\/2022\/05\/building-1080602_1920-1024x681.jpg 1024w, https:\/\/www.projectimmo-france.com\/wp-content\/uploads\/2022\/05\/building-1080602_1920-300x200.jpg 300w, https:\/\/www.projectimmo-france.com\/wp-content\/uploads\/2022\/05\/building-1080602_1920-768x511.jpg 768w, https:\/\/www.projectimmo-france.com\/wp-content\/uploads\/2022\/05\/building-1080602_1920-1536x1022.jpg 1536w, https:\/\/www.projectimmo-france.com\/wp-content\/uploads\/2022\/05\/building-1080602_1920.jpg 1920w\" sizes=\"auto, (max-width: 1024px) 100vw, 1024px\" \/><\/figure>\n<\/div>\n<\/div>\n","protected":false},"excerpt":{"rendered":"<p>Carrelage Incontournable de la construction ou de la r\u00e9novation, le carrelage est de plus en plus utilis\u00e9. Une fois de plus\u00a0Project&rsquo;immo-france\u00a0ne l\u00e9sine pas sur les qualit\u00e9s et vous offre un large choix de produits pour r\u00e9pondre \u00e0 votre demande. Haute r\u00e9sistance, \u00e9tanch\u00e9it\u00e9 garantie, d\u00e9coupes propres et poses minutieuses, nos \u00e9quipes interviennent sur toutes surfaces, sols &hellip; <a href=\"https:\/\/www.projectimmo-france.com\/index.php\/carrelage\/\" class=\"more-link\">Continue reading <span class=\"screen-reader-text\">Carrelage<\/span><\/a><\/p>\n","protected":false},"author":1,"featured_media":0,"parent":0,"menu_order":0,"comment_status":"closed","ping_status":"closed","template":"elementor_theme","meta":{"footnotes":""},"class_list":["post-11559","page","type-page","status-publish","hentry"],"yoast_head":"<!-- This site is optimized with the Yoast SEO plugin v18.1 - https:\/\/yoast.com\/wordpress\/plugins\/seo\/ -->\n<title>Carrelage - Project&#039;immo<\/title>\n<meta name=\"description\" content=\"Incontournable de la construction ou de la r\u00e9novation, le carrelage est de plus en plus utilis\u00e9. Une fois de plus Project&#039;immo-france ne l\u00e9sine pas sur les qualit\u00e9s et vous offre un large choix de produits pour r\u00e9pondre \u00e0 votre demande. Haute r\u00e9sistance, \u00e9tanch\u00e9it\u00e9 garantie, d\u00e9coupes propres et poses minutieuses, nos \u00e9quipes interviennent sur toutes surfaces, sols et murs.\" \/>\n<meta name=\"robots\" content=\"index, follow, max-snippet:-1, max-image-preview:large, max-video-preview:-1\" \/>\n<link rel=\"canonical\" href=\"https:\/\/www.projectimmo-france.com\/index.php\/carrelage\/\" \/>\n<meta property=\"og:locale\" content=\"fr_FR\" \/>\n<meta property=\"og:type\" content=\"article\" \/>\n<meta property=\"og:title\" content=\"Carrelage - Project&#039;immo\" \/>\n<meta property=\"og:description\" content=\"Incontournable de la construction ou de la r\u00e9novation, le carrelage est de plus en plus utilis\u00e9. Une fois de plus Project&#039;immo-france ne l\u00e9sine pas sur les qualit\u00e9s et vous offre un large choix de produits pour r\u00e9pondre \u00e0 votre demande. Haute r\u00e9sistance, \u00e9tanch\u00e9it\u00e9 garantie, d\u00e9coupes propres et poses minutieuses, nos \u00e9quipes interviennent sur toutes surfaces, sols et murs.\" \/>\n<meta property=\"og:url\" content=\"https:\/\/www.projectimmo-france.com\/index.php\/carrelage\/\" \/>\n<meta property=\"og:site_name\" content=\"Project&#039;immo\" \/>\n<meta property=\"article:modified_time\" content=\"2022-05-03T11:48:42+00:00\" \/>\n<meta property=\"og:image\" content=\"https:\/\/www.projectimmo-france.com\/wp-content\/uploads\/2022\/05\/building-1080596_1920-1024x681.jpg\" \/>\n<meta name=\"twitter:card\" content=\"summary_large_image\" \/>\n<meta name=\"twitter:label1\" content=\"Dur\u00e9e de lecture estim\u00e9e\" \/>\n\t<meta name=\"twitter:data1\" content=\"1 minute\" \/>\n<script type=\"application\/ld+json\" class=\"yoast-schema-graph\">{\"@context\":\"https:\/\/schema.org\",\"@graph\":[{\"@type\":\"WebSite\",\"@id\":\"https:\/\/www.projectimmo-france.com\/#website\",\"url\":\"https:\/\/www.projectimmo-france.com\/\",\"name\":\"Project&#039;immo\",\"description\":\"R\u00e9novation, travaux, optimisation, conseil immobilier Malakoff Paris\",\"potentialAction\":[{\"@type\":\"SearchAction\",\"target\":{\"@type\":\"EntryPoint\",\"urlTemplate\":\"https:\/\/www.projectimmo-france.com\/?s={search_term_string}\"},\"query-input\":\"required name=search_term_string\"}],\"inLanguage\":\"fr-FR\"},{\"@type\":\"ImageObject\",\"@id\":\"https:\/\/www.projectimmo-france.com\/index.php\/carrelage\/#primaryimage\",\"inLanguage\":\"fr-FR\",\"url\":\"https:\/\/www.projectimmo-france.com\/wp-content\/uploads\/2022\/05\/building-1080596_1920.jpg\",\"contentUrl\":\"https:\/\/www.projectimmo-france.com\/wp-content\/uploads\/2022\/05\/building-1080596_1920.jpg\",\"width\":1920,\"height\":1277},{\"@type\":\"WebPage\",\"@id\":\"https:\/\/www.projectimmo-france.com\/index.php\/carrelage\/#webpage\",\"url\":\"https:\/\/www.projectimmo-france.com\/index.php\/carrelage\/\",\"name\":\"Carrelage - Project&#039;immo\",\"isPartOf\":{\"@id\":\"https:\/\/www.projectimmo-france.com\/#website\"},\"primaryImageOfPage\":{\"@id\":\"https:\/\/www.projectimmo-france.com\/index.php\/carrelage\/#primaryimage\"},\"datePublished\":\"2022-05-03T07:46:10+00:00\",\"dateModified\":\"2022-05-03T11:48:42+00:00\",\"description\":\"Incontournable de la construction ou de la r\u00e9novation, le carrelage est de plus en plus utilis\u00e9. Une fois de plus Project'immo-france ne l\u00e9sine pas sur les qualit\u00e9s et vous offre un large choix de produits pour r\u00e9pondre \u00e0 votre demande. Haute r\u00e9sistance, \u00e9tanch\u00e9it\u00e9 garantie, d\u00e9coupes propres et poses minutieuses, nos \u00e9quipes interviennent sur toutes surfaces, sols et murs.\",\"breadcrumb\":{\"@id\":\"https:\/\/www.projectimmo-france.com\/index.php\/carrelage\/#breadcrumb\"},\"inLanguage\":\"fr-FR\",\"potentialAction\":[{\"@type\":\"ReadAction\",\"target\":[\"https:\/\/www.projectimmo-france.com\/index.php\/carrelage\/\"]}]},{\"@type\":\"BreadcrumbList\",\"@id\":\"https:\/\/www.projectimmo-france.com\/index.php\/carrelage\/#breadcrumb\",\"itemListElement\":[{\"@type\":\"ListItem\",\"position\":1,\"name\":\"Accueil\",\"item\":\"https:\/\/www.projectimmo-france.com\/\"},{\"@type\":\"ListItem\",\"position\":2,\"name\":\"Carrelage\"}]}]}<\/script>\n<!-- \/ Yoast SEO plugin. -->","yoast_head_json":{"title":"Carrelage - Project&#039;immo","description":"Incontournable de la construction ou de la r\u00e9novation, le carrelage est de plus en plus utilis\u00e9. Une fois de plus Project'immo-france ne l\u00e9sine pas sur les qualit\u00e9s et vous offre un large choix de produits pour r\u00e9pondre \u00e0 votre demande. Haute r\u00e9sistance, \u00e9tanch\u00e9it\u00e9 garantie, d\u00e9coupes propres et poses minutieuses, nos \u00e9quipes interviennent sur toutes surfaces, sols et murs.","robots":{"index":"index","follow":"follow","max-snippet":"max-snippet:-1","max-image-preview":"max-image-preview:large","max-video-preview":"max-video-preview:-1"},"canonical":"https:\/\/www.projectimmo-france.com\/index.php\/carrelage\/","og_locale":"fr_FR","og_type":"article","og_title":"Carrelage - Project&#039;immo","og_description":"Incontournable de la construction ou de la r\u00e9novation, le carrelage est de plus en plus utilis\u00e9. Une fois de plus Project'immo-france ne l\u00e9sine pas sur les qualit\u00e9s et vous offre un large choix de produits pour r\u00e9pondre \u00e0 votre demande. Haute r\u00e9sistance, \u00e9tanch\u00e9it\u00e9 garantie, d\u00e9coupes propres et poses minutieuses, nos \u00e9quipes interviennent sur toutes surfaces, sols et murs.","og_url":"https:\/\/www.projectimmo-france.com\/index.php\/carrelage\/","og_site_name":"Project&#039;immo","article_modified_time":"2022-05-03T11:48:42+00:00","og_image":[{"url":"https:\/\/www.projectimmo-france.com\/wp-content\/uploads\/2022\/05\/building-1080596_1920-1024x681.jpg"}],"twitter_card":"summary_large_image","twitter_misc":{"Dur\u00e9e de lecture estim\u00e9e":"1 minute"},"schema":{"@context":"https:\/\/schema.org","@graph":[{"@type":"WebSite","@id":"https:\/\/www.projectimmo-france.com\/#website","url":"https:\/\/www.projectimmo-france.com\/","name":"Project&#039;immo","description":"R\u00e9novation, travaux, optimisation, conseil immobilier Malakoff Paris","potentialAction":[{"@type":"SearchAction","target":{"@type":"EntryPoint","urlTemplate":"https:\/\/www.projectimmo-france.com\/?s={search_term_string}"},"query-input":"required name=search_term_string"}],"inLanguage":"fr-FR"},{"@type":"ImageObject","@id":"https:\/\/www.projectimmo-france.com\/index.php\/carrelage\/#primaryimage","inLanguage":"fr-FR","url":"https:\/\/www.projectimmo-france.com\/wp-content\/uploads\/2022\/05\/building-1080596_1920.jpg","contentUrl":"https:\/\/www.projectimmo-france.com\/wp-content\/uploads\/2022\/05\/building-1080596_1920.jpg","width":1920,"height":1277},{"@type":"WebPage","@id":"https:\/\/www.projectimmo-france.com\/index.php\/carrelage\/#webpage","url":"https:\/\/www.projectimmo-france.com\/index.php\/carrelage\/","name":"Carrelage - Project&#039;immo","isPartOf":{"@id":"https:\/\/www.projectimmo-france.com\/#website"},"primaryImageOfPage":{"@id":"https:\/\/www.projectimmo-france.com\/index.php\/carrelage\/#primaryimage"},"datePublished":"2022-05-03T07:46:10+00:00","dateModified":"2022-05-03T11:48:42+00:00","description":"Incontournable de la construction ou de la r\u00e9novation, le carrelage est de plus en plus utilis\u00e9. Une fois de plus Project'immo-france ne l\u00e9sine pas sur les qualit\u00e9s et vous offre un large choix de produits pour r\u00e9pondre \u00e0 votre demande. Haute r\u00e9sistance, \u00e9tanch\u00e9it\u00e9 garantie, d\u00e9coupes propres et poses minutieuses, nos \u00e9quipes interviennent sur toutes surfaces, sols et murs.","breadcrumb":{"@id":"https:\/\/www.projectimmo-france.com\/index.php\/carrelage\/#breadcrumb"},"inLanguage":"fr-FR","potentialAction":[{"@type":"ReadAction","target":["https:\/\/www.projectimmo-france.com\/index.php\/carrelage\/"]}]},{"@type":"BreadcrumbList","@id":"https:\/\/www.projectimmo-france.com\/index.php\/carrelage\/#breadcrumb","itemListElement":[{"@type":"ListItem","position":1,"name":"Accueil","item":"https:\/\/www.projectimmo-france.com\/"},{"@type":"ListItem","position":2,"name":"Carrelage"}]}]}},"_links":{"self":[{"href":"https:\/\/www.projectimmo-france.com\/index.php\/wp-json\/wp\/v2\/pages\/11559","targetHints":{"allow":["GET"]}}],"collection":[{"href":"https:\/\/www.projectimmo-france.com\/index.php\/wp-json\/wp\/v2\/pages"}],"about":[{"href":"https:\/\/www.projectimmo-france.com\/index.php\/wp-json\/wp\/v2\/types\/page"}],"author":[{"embeddable":true,"href":"https:\/\/www.projectimmo-france.com\/index.php\/wp-json\/wp\/v2\/users\/1"}],"replies":[{"embeddable":true,"href":"https:\/\/www.projectimmo-france.com\/index.php\/wp-json\/wp\/v2\/comments?post=11559"}],"version-history":[{"count":2,"href":"https:\/\/www.projectimmo-france.com\/index.php\/wp-json\/wp\/v2\/pages\/11559\/revisions"}],"predecessor-version":[{"id":11609,"href":"https:\/\/www.projectimmo-france.com\/index.php\/wp-json\/wp\/v2\/pages\/11559\/revisions\/11609"}],"wp:attachment":[{"href":"https:\/\/www.projectimmo-france.com\/index.php\/wp-json\/wp\/v2\/media?parent=11559"}],"curies":[{"name":"wp","href":"https:\/\/api.w.org\/{rel}","templated":true}]}}