{"id":11575,"date":"2022-05-03T10:26:35","date_gmt":"2022-05-03T08:26:35","guid":{"rendered":"https:\/\/www.projectimmo-france.com\/?page_id=11575"},"modified":"2022-05-03T14:07:44","modified_gmt":"2022-05-03T12:07:44","slug":"revetements-sols-murs","status":"publish","type":"page","link":"https:\/\/www.projectimmo-france.com\/index.php\/revetements-sols-murs\/","title":{"rendered":"Rev\u00eatement sols et murs"},"content":{"rendered":"\n<h2 class=\"wp-block-heading\">Rev\u00eatement sols et murs<\/h2>\n\n\n\n<p>Parquets, pvc, linol\u00e9ums, moquettes, b\u00e9tons cir\u00e9s, carrelages ou peintures, nous nous effor\u00e7ons encore et toujours \u00e0 vous offrir une large gamme de produits de haute qualit\u00e9. <\/p>\n\n\n\n<p>Nos corps de m\u00e9tiers sp\u00e9cialis\u00e9s et exp\u00e9riment\u00e9s travaillent avec pr\u00e9cision afin de vous offrir une qualit\u00e9 de service irr\u00e9prochable. Notre priorit\u00e9 est votre satisfaction.<\/p>\n\n\n\n<div class=\"wp-block-columns is-layout-flex wp-container-core-columns-is-layout-9d6595d7 wp-block-columns-is-layout-flex\">\n<div class=\"wp-block-column is-layout-flow wp-block-column-is-layout-flow\">\n<figure class=\"wp-block-image size-large\"><img loading=\"lazy\" decoding=\"async\" width=\"1024\" height=\"683\" src=\"https:\/\/www.projectimmo-france.com\/wp-content\/uploads\/2022\/05\/ground-3711739_1920-1024x683.jpg\" alt=\"\" class=\"wp-image-11618\" srcset=\"https:\/\/www.projectimmo-france.com\/wp-content\/uploads\/2022\/05\/ground-3711739_1920-1024x683.jpg 1024w, https:\/\/www.projectimmo-france.com\/wp-content\/uploads\/2022\/05\/ground-3711739_1920-300x200.jpg 300w, https:\/\/www.projectimmo-france.com\/wp-content\/uploads\/2022\/05\/ground-3711739_1920-768x512.jpg 768w, https:\/\/www.projectimmo-france.com\/wp-content\/uploads\/2022\/05\/ground-3711739_1920-1536x1024.jpg 1536w, https:\/\/www.projectimmo-france.com\/wp-content\/uploads\/2022\/05\/ground-3711739_1920.jpg 1920w\" sizes=\"auto, (max-width: 1024px) 100vw, 1024px\" \/><\/figure>\n<\/div>\n\n\n\n<div class=\"wp-block-column is-layout-flow wp-block-column-is-layout-flow\">\n<figure class=\"wp-block-image size-large\"><img loading=\"lazy\" decoding=\"async\" width=\"1024\" height=\"683\" src=\"https:\/\/www.projectimmo-france.com\/wp-content\/uploads\/2022\/05\/chairs-2181947_1920-1024x683.jpg\" alt=\"\" class=\"wp-image-11619\" srcset=\"https:\/\/www.projectimmo-france.com\/wp-content\/uploads\/2022\/05\/chairs-2181947_1920-1024x683.jpg 1024w, https:\/\/www.projectimmo-france.com\/wp-content\/uploads\/2022\/05\/chairs-2181947_1920-300x200.jpg 300w, https:\/\/www.projectimmo-france.com\/wp-content\/uploads\/2022\/05\/chairs-2181947_1920-768x512.jpg 768w, https:\/\/www.projectimmo-france.com\/wp-content\/uploads\/2022\/05\/chairs-2181947_1920-1536x1024.jpg 1536w, https:\/\/www.projectimmo-france.com\/wp-content\/uploads\/2022\/05\/chairs-2181947_1920.jpg 1920w\" sizes=\"auto, (max-width: 1024px) 100vw, 1024px\" \/><\/figure>\n\n\n\n<p><\/p>\n<\/div>\n<\/div>\n","protected":false},"excerpt":{"rendered":"<p>Rev\u00eatement sols et murs Parquets, pvc, linol\u00e9ums, moquettes, b\u00e9tons cir\u00e9s, carrelages ou peintures, nous nous effor\u00e7ons encore et toujours \u00e0 vous offrir une large gamme de produits de haute qualit\u00e9. Nos corps de m\u00e9tiers sp\u00e9cialis\u00e9s et exp\u00e9riment\u00e9s travaillent avec pr\u00e9cision afin de vous offrir une qualit\u00e9 de service irr\u00e9prochable. Notre priorit\u00e9 est votre satisfaction.<\/p>\n","protected":false},"author":1,"featured_media":0,"parent":0,"menu_order":0,"comment_status":"closed","ping_status":"closed","template":"elementor_theme","meta":{"footnotes":""},"class_list":["post-11575","page","type-page","status-publish","hentry"],"yoast_head":"<!-- This site is optimized with the Yoast SEO plugin v18.1 - https:\/\/yoast.com\/wordpress\/plugins\/seo\/ -->\n<title>Rev\u00eatement sols et murs - Project&#039;immo<\/title>\n<meta name=\"description\" content=\"Parquets, pvc, linol\u00e9ums, moquettes, b\u00e9tons cir\u00e9s, carrelages ou peintures, nous nous effor\u00e7ons encore et toujours \u00e0 vous offrir une large gamme de produits de haute qualit\u00e9. Nos corps de m\u00e9tiers sp\u00e9cialis\u00e9s et exp\u00e9riment\u00e9s travaillent avec pr\u00e9cision afin de vous offrir une qualit\u00e9 de service irr\u00e9prochable. Notre priorit\u00e9 est votre satisfaction.\" \/>\n<meta name=\"robots\" content=\"index, follow, max-snippet:-1, max-image-preview:large, max-video-preview:-1\" \/>\n<link rel=\"canonical\" href=\"https:\/\/www.projectimmo-france.com\/index.php\/revetements-sols-murs\/\" \/>\n<meta property=\"og:locale\" content=\"fr_FR\" \/>\n<meta property=\"og:type\" content=\"article\" \/>\n<meta property=\"og:title\" content=\"Rev\u00eatement sols et murs - Project&#039;immo\" \/>\n<meta property=\"og:description\" content=\"Parquets, pvc, linol\u00e9ums, moquettes, b\u00e9tons cir\u00e9s, carrelages ou peintures, nous nous effor\u00e7ons encore et toujours \u00e0 vous offrir une large gamme de produits de haute qualit\u00e9. Nos corps de m\u00e9tiers sp\u00e9cialis\u00e9s et exp\u00e9riment\u00e9s travaillent avec pr\u00e9cision afin de vous offrir une qualit\u00e9 de service irr\u00e9prochable. Notre priorit\u00e9 est votre satisfaction.\" \/>\n<meta property=\"og:url\" content=\"https:\/\/www.projectimmo-france.com\/index.php\/revetements-sols-murs\/\" \/>\n<meta property=\"og:site_name\" content=\"Project&#039;immo\" \/>\n<meta property=\"article:modified_time\" content=\"2022-05-03T12:07:44+00:00\" \/>\n<meta property=\"og:image\" content=\"https:\/\/www.projectimmo-france.com\/wp-content\/uploads\/2022\/05\/ground-3711739_1920-1024x683.jpg\" \/>\n<meta name=\"twitter:card\" content=\"summary_large_image\" \/>\n<meta name=\"twitter:label1\" content=\"Dur\u00e9e de lecture estim\u00e9e\" \/>\n\t<meta name=\"twitter:data1\" content=\"1 minute\" \/>\n<script type=\"application\/ld+json\" class=\"yoast-schema-graph\">{\"@context\":\"https:\/\/schema.org\",\"@graph\":[{\"@type\":\"WebSite\",\"@id\":\"https:\/\/www.projectimmo-france.com\/#website\",\"url\":\"https:\/\/www.projectimmo-france.com\/\",\"name\":\"Project&#039;immo\",\"description\":\"R\u00e9novation, travaux, optimisation, conseil immobilier Malakoff Paris\",\"potentialAction\":[{\"@type\":\"SearchAction\",\"target\":{\"@type\":\"EntryPoint\",\"urlTemplate\":\"https:\/\/www.projectimmo-france.com\/?s={search_term_string}\"},\"query-input\":\"required name=search_term_string\"}],\"inLanguage\":\"fr-FR\"},{\"@type\":\"ImageObject\",\"@id\":\"https:\/\/www.projectimmo-france.com\/index.php\/revetements-sols-murs\/#primaryimage\",\"inLanguage\":\"fr-FR\",\"url\":\"https:\/\/www.projectimmo-france.com\/wp-content\/uploads\/2022\/05\/ground-3711739_1920.jpg\",\"contentUrl\":\"https:\/\/www.projectimmo-france.com\/wp-content\/uploads\/2022\/05\/ground-3711739_1920.jpg\",\"width\":1920,\"height\":1280},{\"@type\":\"WebPage\",\"@id\":\"https:\/\/www.projectimmo-france.com\/index.php\/revetements-sols-murs\/#webpage\",\"url\":\"https:\/\/www.projectimmo-france.com\/index.php\/revetements-sols-murs\/\",\"name\":\"Rev\u00eatement sols et murs - Project&#039;immo\",\"isPartOf\":{\"@id\":\"https:\/\/www.projectimmo-france.com\/#website\"},\"primaryImageOfPage\":{\"@id\":\"https:\/\/www.projectimmo-france.com\/index.php\/revetements-sols-murs\/#primaryimage\"},\"datePublished\":\"2022-05-03T08:26:35+00:00\",\"dateModified\":\"2022-05-03T12:07:44+00:00\",\"description\":\"Parquets, pvc, linol\u00e9ums, moquettes, b\u00e9tons cir\u00e9s, carrelages ou peintures, nous nous effor\u00e7ons encore et toujours \u00e0 vous offrir une large gamme de produits de haute qualit\u00e9. Nos corps de m\u00e9tiers sp\u00e9cialis\u00e9s et exp\u00e9riment\u00e9s travaillent avec pr\u00e9cision afin de vous offrir une qualit\u00e9 de service irr\u00e9prochable. Notre priorit\u00e9 est votre satisfaction.\",\"breadcrumb\":{\"@id\":\"https:\/\/www.projectimmo-france.com\/index.php\/revetements-sols-murs\/#breadcrumb\"},\"inLanguage\":\"fr-FR\",\"potentialAction\":[{\"@type\":\"ReadAction\",\"target\":[\"https:\/\/www.projectimmo-france.com\/index.php\/revetements-sols-murs\/\"]}]},{\"@type\":\"BreadcrumbList\",\"@id\":\"https:\/\/www.projectimmo-france.com\/index.php\/revetements-sols-murs\/#breadcrumb\",\"itemListElement\":[{\"@type\":\"ListItem\",\"position\":1,\"name\":\"Accueil\",\"item\":\"https:\/\/www.projectimmo-france.com\/\"},{\"@type\":\"ListItem\",\"position\":2,\"name\":\"Rev\u00eatement sols et murs\"}]}]}<\/script>\n<!-- \/ Yoast SEO plugin. -->","yoast_head_json":{"title":"Rev\u00eatement sols et murs - Project&#039;immo","description":"Parquets, pvc, linol\u00e9ums, moquettes, b\u00e9tons cir\u00e9s, carrelages ou peintures, nous nous effor\u00e7ons encore et toujours \u00e0 vous offrir une large gamme de produits de haute qualit\u00e9. Nos corps de m\u00e9tiers sp\u00e9cialis\u00e9s et exp\u00e9riment\u00e9s travaillent avec pr\u00e9cision afin de vous offrir une qualit\u00e9 de service irr\u00e9prochable. Notre priorit\u00e9 est votre satisfaction.","robots":{"index":"index","follow":"follow","max-snippet":"max-snippet:-1","max-image-preview":"max-image-preview:large","max-video-preview":"max-video-preview:-1"},"canonical":"https:\/\/www.projectimmo-france.com\/index.php\/revetements-sols-murs\/","og_locale":"fr_FR","og_type":"article","og_title":"Rev\u00eatement sols et murs - Project&#039;immo","og_description":"Parquets, pvc, linol\u00e9ums, moquettes, b\u00e9tons cir\u00e9s, carrelages ou peintures, nous nous effor\u00e7ons encore et toujours \u00e0 vous offrir une large gamme de produits de haute qualit\u00e9. Nos corps de m\u00e9tiers sp\u00e9cialis\u00e9s et exp\u00e9riment\u00e9s travaillent avec pr\u00e9cision afin de vous offrir une qualit\u00e9 de service irr\u00e9prochable. Notre priorit\u00e9 est votre satisfaction.","og_url":"https:\/\/www.projectimmo-france.com\/index.php\/revetements-sols-murs\/","og_site_name":"Project&#039;immo","article_modified_time":"2022-05-03T12:07:44+00:00","og_image":[{"url":"https:\/\/www.projectimmo-france.com\/wp-content\/uploads\/2022\/05\/ground-3711739_1920-1024x683.jpg"}],"twitter_card":"summary_large_image","twitter_misc":{"Dur\u00e9e de lecture estim\u00e9e":"1 minute"},"schema":{"@context":"https:\/\/schema.org","@graph":[{"@type":"WebSite","@id":"https:\/\/www.projectimmo-france.com\/#website","url":"https:\/\/www.projectimmo-france.com\/","name":"Project&#039;immo","description":"R\u00e9novation, travaux, optimisation, conseil immobilier Malakoff Paris","potentialAction":[{"@type":"SearchAction","target":{"@type":"EntryPoint","urlTemplate":"https:\/\/www.projectimmo-france.com\/?s={search_term_string}"},"query-input":"required name=search_term_string"}],"inLanguage":"fr-FR"},{"@type":"ImageObject","@id":"https:\/\/www.projectimmo-france.com\/index.php\/revetements-sols-murs\/#primaryimage","inLanguage":"fr-FR","url":"https:\/\/www.projectimmo-france.com\/wp-content\/uploads\/2022\/05\/ground-3711739_1920.jpg","contentUrl":"https:\/\/www.projectimmo-france.com\/wp-content\/uploads\/2022\/05\/ground-3711739_1920.jpg","width":1920,"height":1280},{"@type":"WebPage","@id":"https:\/\/www.projectimmo-france.com\/index.php\/revetements-sols-murs\/#webpage","url":"https:\/\/www.projectimmo-france.com\/index.php\/revetements-sols-murs\/","name":"Rev\u00eatement sols et murs - Project&#039;immo","isPartOf":{"@id":"https:\/\/www.projectimmo-france.com\/#website"},"primaryImageOfPage":{"@id":"https:\/\/www.projectimmo-france.com\/index.php\/revetements-sols-murs\/#primaryimage"},"datePublished":"2022-05-03T08:26:35+00:00","dateModified":"2022-05-03T12:07:44+00:00","description":"Parquets, pvc, linol\u00e9ums, moquettes, b\u00e9tons cir\u00e9s, carrelages ou peintures, nous nous effor\u00e7ons encore et toujours \u00e0 vous offrir une large gamme de produits de haute qualit\u00e9. Nos corps de m\u00e9tiers sp\u00e9cialis\u00e9s et exp\u00e9riment\u00e9s travaillent avec pr\u00e9cision afin de vous offrir une qualit\u00e9 de service irr\u00e9prochable. Notre priorit\u00e9 est votre satisfaction.","breadcrumb":{"@id":"https:\/\/www.projectimmo-france.com\/index.php\/revetements-sols-murs\/#breadcrumb"},"inLanguage":"fr-FR","potentialAction":[{"@type":"ReadAction","target":["https:\/\/www.projectimmo-france.com\/index.php\/revetements-sols-murs\/"]}]},{"@type":"BreadcrumbList","@id":"https:\/\/www.projectimmo-france.com\/index.php\/revetements-sols-murs\/#breadcrumb","itemListElement":[{"@type":"ListItem","position":1,"name":"Accueil","item":"https:\/\/www.projectimmo-france.com\/"},{"@type":"ListItem","position":2,"name":"Rev\u00eatement sols et murs"}]}]}},"_links":{"self":[{"href":"https:\/\/www.projectimmo-france.com\/index.php\/wp-json\/wp\/v2\/pages\/11575","targetHints":{"allow":["GET"]}}],"collection":[{"href":"https:\/\/www.projectimmo-france.com\/index.php\/wp-json\/wp\/v2\/pages"}],"about":[{"href":"https:\/\/www.projectimmo-france.com\/index.php\/wp-json\/wp\/v2\/types\/page"}],"author":[{"embeddable":true,"href":"https:\/\/www.projectimmo-france.com\/index.php\/wp-json\/wp\/v2\/users\/1"}],"replies":[{"embeddable":true,"href":"https:\/\/www.projectimmo-france.com\/index.php\/wp-json\/wp\/v2\/comments?post=11575"}],"version-history":[{"count":3,"href":"https:\/\/www.projectimmo-france.com\/index.php\/wp-json\/wp\/v2\/pages\/11575\/revisions"}],"predecessor-version":[{"id":11623,"href":"https:\/\/www.projectimmo-france.com\/index.php\/wp-json\/wp\/v2\/pages\/11575\/revisions\/11623"}],"wp:attachment":[{"href":"https:\/\/www.projectimmo-france.com\/index.php\/wp-json\/wp\/v2\/media?parent=11575"}],"curies":[{"name":"wp","href":"https:\/\/api.w.org\/{rel}","templated":true}]}}