{"id":11580,"date":"2022-05-03T10:28:13","date_gmt":"2022-05-03T08:28:13","guid":{"rendered":"https:\/\/www.projectimmo-france.com\/?page_id=11580"},"modified":"2022-05-03T13:40:12","modified_gmt":"2022-05-03T11:40:12","slug":"maconnerie","status":"publish","type":"page","link":"https:\/\/www.projectimmo-france.com\/index.php\/maconnerie\/","title":{"rendered":"Ma\u00e7onnerie int\u00e9rieure"},"content":{"rendered":"\n<h2 class=\"wp-block-heading\">Ma\u00e7onnerie int\u00e9rieure<\/h2>\n\n\n\n<p>La ma\u00e7onnerie \u00e9tant un poste primordial \u00e0 tous nos corps de m\u00e9tiers,<strong>\u00a0Project&rsquo;immo-France<\/strong>\u00a0s&rsquo;engage une fois de plus \u00e0 vous offrir un service de qualit\u00e9. <\/p>\n\n\n\n<p>Rebouchages de fissures, ouverture de murs, de fen\u00eatres ou de portes, r\u00e9alisation de dalles ou de chapes, r\u00e9-agr\u00e9ages, travaux d&rsquo;\u00e9tanch\u00e9it\u00e9 et d&rsquo;isolation, montage de cloisons, pose de poutres et de sous-plafonds et autres, nos \u00e9quipes fournissent un travail de qualit\u00e9 dans le respect des d\u00e9lais et du cahier des charges, du choix de vos mat\u00e9riaux \u00e0 la faisabilit\u00e9 de votre projet.\u00a0<\/p>\n\n\n\n<div class=\"wp-block-columns is-layout-flex wp-container-core-columns-is-layout-9d6595d7 wp-block-columns-is-layout-flex\">\n<div class=\"wp-block-column is-layout-flow wp-block-column-is-layout-flow\">\n<figure class=\"wp-block-image size-large\"><img loading=\"lazy\" decoding=\"async\" width=\"684\" height=\"1024\" src=\"https:\/\/www.projectimmo-france.com\/wp-content\/uploads\/2022\/05\/pexels-ksenia-chernaya-5691626-684x1024.jpg\" alt=\"\" class=\"wp-image-11594\" srcset=\"https:\/\/www.projectimmo-france.com\/wp-content\/uploads\/2022\/05\/pexels-ksenia-chernaya-5691626-684x1024.jpg 684w, https:\/\/www.projectimmo-france.com\/wp-content\/uploads\/2022\/05\/pexels-ksenia-chernaya-5691626-200x300.jpg 200w, https:\/\/www.projectimmo-france.com\/wp-content\/uploads\/2022\/05\/pexels-ksenia-chernaya-5691626-768x1150.jpg 768w, https:\/\/www.projectimmo-france.com\/wp-content\/uploads\/2022\/05\/pexels-ksenia-chernaya-5691626-1025x1536.jpg 1025w, https:\/\/www.projectimmo-france.com\/wp-content\/uploads\/2022\/05\/pexels-ksenia-chernaya-5691626-1367x2048.jpg 1367w, https:\/\/www.projectimmo-france.com\/wp-content\/uploads\/2022\/05\/pexels-ksenia-chernaya-5691626-scaled.jpg 1709w\" sizes=\"auto, (max-width: 684px) 100vw, 684px\" \/><\/figure>\n<\/div>\n\n\n\n<div class=\"wp-block-column is-layout-flow wp-block-column-is-layout-flow\">\n<figure class=\"wp-block-image size-large\"><img loading=\"lazy\" decoding=\"async\" width=\"684\" height=\"1024\" src=\"https:\/\/www.projectimmo-france.com\/wp-content\/uploads\/2022\/05\/pexels-ksenia-chernaya-5691622-684x1024.jpg\" alt=\"\" class=\"wp-image-11595\" srcset=\"https:\/\/www.projectimmo-france.com\/wp-content\/uploads\/2022\/05\/pexels-ksenia-chernaya-5691622-684x1024.jpg 684w, https:\/\/www.projectimmo-france.com\/wp-content\/uploads\/2022\/05\/pexels-ksenia-chernaya-5691622-200x300.jpg 200w, https:\/\/www.projectimmo-france.com\/wp-content\/uploads\/2022\/05\/pexels-ksenia-chernaya-5691622-768x1150.jpg 768w, https:\/\/www.projectimmo-france.com\/wp-content\/uploads\/2022\/05\/pexels-ksenia-chernaya-5691622-1025x1536.jpg 1025w, https:\/\/www.projectimmo-france.com\/wp-content\/uploads\/2022\/05\/pexels-ksenia-chernaya-5691622-1367x2048.jpg 1367w, https:\/\/www.projectimmo-france.com\/wp-content\/uploads\/2022\/05\/pexels-ksenia-chernaya-5691622-scaled.jpg 1709w\" sizes=\"auto, (max-width: 684px) 100vw, 684px\" \/><\/figure>\n<\/div>\n<\/div>\n\n\n\n<p> \u00a0\u00a0<\/p>\n","protected":false},"excerpt":{"rendered":"<p>Ma\u00e7onnerie int\u00e9rieure La ma\u00e7onnerie \u00e9tant un poste primordial \u00e0 tous nos corps de m\u00e9tiers,\u00a0Project&rsquo;immo-France\u00a0s&rsquo;engage une fois de plus \u00e0 vous offrir un service de qualit\u00e9. Rebouchages de fissures, ouverture de murs, de fen\u00eatres ou de portes, r\u00e9alisation de dalles ou de chapes, r\u00e9-agr\u00e9ages, travaux d&rsquo;\u00e9tanch\u00e9it\u00e9 et d&rsquo;isolation, montage de cloisons, pose de poutres et de &hellip; <a href=\"https:\/\/www.projectimmo-france.com\/index.php\/maconnerie\/\" class=\"more-link\">Continue reading <span class=\"screen-reader-text\">Ma\u00e7onnerie int\u00e9rieure<\/span><\/a><\/p>\n","protected":false},"author":1,"featured_media":0,"parent":0,"menu_order":0,"comment_status":"closed","ping_status":"closed","template":"elementor_theme","meta":{"footnotes":""},"class_list":["post-11580","page","type-page","status-publish","hentry"],"yoast_head":"<!-- This site is optimized with the Yoast SEO plugin v18.1 - https:\/\/yoast.com\/wordpress\/plugins\/seo\/ -->\n<title>Ma\u00e7onnerie int\u00e9rieure - Project&#039;immo<\/title>\n<meta name=\"description\" content=\"La ma\u00e7onnerie \u00e9tant un poste primordial \u00e0 tous nos corps de m\u00e9tiers, Project&#039;immo-France s&#039;engage une fois de plus \u00e0 vous offrir un service de qualit\u00e9. Rebouchages de fissures, ouverture de murs, de fen\u00eatres ou de portes, r\u00e9alisation de dalles ou de chapes, r\u00e9-agr\u00e9ages, travaux d&#039;\u00e9tanch\u00e9it\u00e9 et d&#039;isolation, montage de cloisons, pose de poutres et de sous-plafonds et autres, nos \u00e9quipes fournissent un travail de qualit\u00e9 dans le respect des d\u00e9lais et du cahier des charges, du choix de vos mat\u00e9riaux \u00e0 la faisabilit\u00e9 de votre projet.\" \/>\n<meta name=\"robots\" content=\"index, follow, max-snippet:-1, max-image-preview:large, max-video-preview:-1\" \/>\n<link rel=\"canonical\" href=\"https:\/\/www.projectimmo-france.com\/index.php\/maconnerie\/\" \/>\n<meta property=\"og:locale\" content=\"fr_FR\" \/>\n<meta property=\"og:type\" content=\"article\" \/>\n<meta property=\"og:title\" content=\"Ma\u00e7onnerie int\u00e9rieure - Project&#039;immo\" \/>\n<meta property=\"og:description\" content=\"La ma\u00e7onnerie \u00e9tant un poste primordial \u00e0 tous nos corps de m\u00e9tiers, Project&#039;immo-France s&#039;engage une fois de plus \u00e0 vous offrir un service de qualit\u00e9. Rebouchages de fissures, ouverture de murs, de fen\u00eatres ou de portes, r\u00e9alisation de dalles ou de chapes, r\u00e9-agr\u00e9ages, travaux d&#039;\u00e9tanch\u00e9it\u00e9 et d&#039;isolation, montage de cloisons, pose de poutres et de sous-plafonds et autres, nos \u00e9quipes fournissent un travail de qualit\u00e9 dans le respect des d\u00e9lais et du cahier des charges, du choix de vos mat\u00e9riaux \u00e0 la faisabilit\u00e9 de votre projet.\" \/>\n<meta property=\"og:url\" content=\"https:\/\/www.projectimmo-france.com\/index.php\/maconnerie\/\" \/>\n<meta property=\"og:site_name\" content=\"Project&#039;immo\" \/>\n<meta property=\"article:modified_time\" content=\"2022-05-03T11:40:12+00:00\" \/>\n<meta property=\"og:image\" content=\"https:\/\/www.projectimmo-france.com\/wp-content\/uploads\/2022\/05\/pexels-ksenia-chernaya-5691626-684x1024.jpg\" \/>\n<meta name=\"twitter:card\" content=\"summary_large_image\" \/>\n<meta name=\"twitter:label1\" content=\"Dur\u00e9e de lecture estim\u00e9e\" \/>\n\t<meta name=\"twitter:data1\" content=\"1 minute\" \/>\n<script type=\"application\/ld+json\" class=\"yoast-schema-graph\">{\"@context\":\"https:\/\/schema.org\",\"@graph\":[{\"@type\":\"WebSite\",\"@id\":\"https:\/\/www.projectimmo-france.com\/#website\",\"url\":\"https:\/\/www.projectimmo-france.com\/\",\"name\":\"Project&#039;immo\",\"description\":\"R\u00e9novation, travaux, optimisation, conseil immobilier Malakoff Paris\",\"potentialAction\":[{\"@type\":\"SearchAction\",\"target\":{\"@type\":\"EntryPoint\",\"urlTemplate\":\"https:\/\/www.projectimmo-france.com\/?s={search_term_string}\"},\"query-input\":\"required name=search_term_string\"}],\"inLanguage\":\"fr-FR\"},{\"@type\":\"ImageObject\",\"@id\":\"https:\/\/www.projectimmo-france.com\/index.php\/maconnerie\/#primaryimage\",\"inLanguage\":\"fr-FR\",\"url\":\"https:\/\/www.projectimmo-france.com\/wp-content\/uploads\/2022\/05\/pexels-ksenia-chernaya-5691626-scaled.jpg\",\"contentUrl\":\"https:\/\/www.projectimmo-france.com\/wp-content\/uploads\/2022\/05\/pexels-ksenia-chernaya-5691626-scaled.jpg\",\"width\":1709,\"height\":2560},{\"@type\":\"WebPage\",\"@id\":\"https:\/\/www.projectimmo-france.com\/index.php\/maconnerie\/#webpage\",\"url\":\"https:\/\/www.projectimmo-france.com\/index.php\/maconnerie\/\",\"name\":\"Ma\u00e7onnerie int\u00e9rieure - Project&#039;immo\",\"isPartOf\":{\"@id\":\"https:\/\/www.projectimmo-france.com\/#website\"},\"primaryImageOfPage\":{\"@id\":\"https:\/\/www.projectimmo-france.com\/index.php\/maconnerie\/#primaryimage\"},\"datePublished\":\"2022-05-03T08:28:13+00:00\",\"dateModified\":\"2022-05-03T11:40:12+00:00\",\"description\":\"La ma\u00e7onnerie \u00e9tant un poste primordial \u00e0 tous nos corps de m\u00e9tiers, Project'immo-France s'engage une fois de plus \u00e0 vous offrir un service de qualit\u00e9. Rebouchages de fissures, ouverture de murs, de fen\u00eatres ou de portes, r\u00e9alisation de dalles ou de chapes, r\u00e9-agr\u00e9ages, travaux d'\u00e9tanch\u00e9it\u00e9 et d'isolation, montage de cloisons, pose de poutres et de sous-plafonds et autres, nos \u00e9quipes fournissent un travail de qualit\u00e9 dans le respect des d\u00e9lais et du cahier des charges, du choix de vos mat\u00e9riaux \u00e0 la faisabilit\u00e9 de votre projet.\",\"breadcrumb\":{\"@id\":\"https:\/\/www.projectimmo-france.com\/index.php\/maconnerie\/#breadcrumb\"},\"inLanguage\":\"fr-FR\",\"potentialAction\":[{\"@type\":\"ReadAction\",\"target\":[\"https:\/\/www.projectimmo-france.com\/index.php\/maconnerie\/\"]}]},{\"@type\":\"BreadcrumbList\",\"@id\":\"https:\/\/www.projectimmo-france.com\/index.php\/maconnerie\/#breadcrumb\",\"itemListElement\":[{\"@type\":\"ListItem\",\"position\":1,\"name\":\"Accueil\",\"item\":\"https:\/\/www.projectimmo-france.com\/\"},{\"@type\":\"ListItem\",\"position\":2,\"name\":\"Ma\u00e7onnerie int\u00e9rieure\"}]}]}<\/script>\n<!-- \/ Yoast SEO plugin. -->","yoast_head_json":{"title":"Ma\u00e7onnerie int\u00e9rieure - Project&#039;immo","description":"La ma\u00e7onnerie \u00e9tant un poste primordial \u00e0 tous nos corps de m\u00e9tiers, Project'immo-France s'engage une fois de plus \u00e0 vous offrir un service de qualit\u00e9. Rebouchages de fissures, ouverture de murs, de fen\u00eatres ou de portes, r\u00e9alisation de dalles ou de chapes, r\u00e9-agr\u00e9ages, travaux d'\u00e9tanch\u00e9it\u00e9 et d'isolation, montage de cloisons, pose de poutres et de sous-plafonds et autres, nos \u00e9quipes fournissent un travail de qualit\u00e9 dans le respect des d\u00e9lais et du cahier des charges, du choix de vos mat\u00e9riaux \u00e0 la faisabilit\u00e9 de votre projet.","robots":{"index":"index","follow":"follow","max-snippet":"max-snippet:-1","max-image-preview":"max-image-preview:large","max-video-preview":"max-video-preview:-1"},"canonical":"https:\/\/www.projectimmo-france.com\/index.php\/maconnerie\/","og_locale":"fr_FR","og_type":"article","og_title":"Ma\u00e7onnerie int\u00e9rieure - Project&#039;immo","og_description":"La ma\u00e7onnerie \u00e9tant un poste primordial \u00e0 tous nos corps de m\u00e9tiers, Project'immo-France s'engage une fois de plus \u00e0 vous offrir un service de qualit\u00e9. Rebouchages de fissures, ouverture de murs, de fen\u00eatres ou de portes, r\u00e9alisation de dalles ou de chapes, r\u00e9-agr\u00e9ages, travaux d'\u00e9tanch\u00e9it\u00e9 et d'isolation, montage de cloisons, pose de poutres et de sous-plafonds et autres, nos \u00e9quipes fournissent un travail de qualit\u00e9 dans le respect des d\u00e9lais et du cahier des charges, du choix de vos mat\u00e9riaux \u00e0 la faisabilit\u00e9 de votre projet.","og_url":"https:\/\/www.projectimmo-france.com\/index.php\/maconnerie\/","og_site_name":"Project&#039;immo","article_modified_time":"2022-05-03T11:40:12+00:00","og_image":[{"url":"https:\/\/www.projectimmo-france.com\/wp-content\/uploads\/2022\/05\/pexels-ksenia-chernaya-5691626-684x1024.jpg"}],"twitter_card":"summary_large_image","twitter_misc":{"Dur\u00e9e de lecture estim\u00e9e":"1 minute"},"schema":{"@context":"https:\/\/schema.org","@graph":[{"@type":"WebSite","@id":"https:\/\/www.projectimmo-france.com\/#website","url":"https:\/\/www.projectimmo-france.com\/","name":"Project&#039;immo","description":"R\u00e9novation, travaux, optimisation, conseil immobilier Malakoff Paris","potentialAction":[{"@type":"SearchAction","target":{"@type":"EntryPoint","urlTemplate":"https:\/\/www.projectimmo-france.com\/?s={search_term_string}"},"query-input":"required name=search_term_string"}],"inLanguage":"fr-FR"},{"@type":"ImageObject","@id":"https:\/\/www.projectimmo-france.com\/index.php\/maconnerie\/#primaryimage","inLanguage":"fr-FR","url":"https:\/\/www.projectimmo-france.com\/wp-content\/uploads\/2022\/05\/pexels-ksenia-chernaya-5691626-scaled.jpg","contentUrl":"https:\/\/www.projectimmo-france.com\/wp-content\/uploads\/2022\/05\/pexels-ksenia-chernaya-5691626-scaled.jpg","width":1709,"height":2560},{"@type":"WebPage","@id":"https:\/\/www.projectimmo-france.com\/index.php\/maconnerie\/#webpage","url":"https:\/\/www.projectimmo-france.com\/index.php\/maconnerie\/","name":"Ma\u00e7onnerie int\u00e9rieure - Project&#039;immo","isPartOf":{"@id":"https:\/\/www.projectimmo-france.com\/#website"},"primaryImageOfPage":{"@id":"https:\/\/www.projectimmo-france.com\/index.php\/maconnerie\/#primaryimage"},"datePublished":"2022-05-03T08:28:13+00:00","dateModified":"2022-05-03T11:40:12+00:00","description":"La ma\u00e7onnerie \u00e9tant un poste primordial \u00e0 tous nos corps de m\u00e9tiers, Project'immo-France s'engage une fois de plus \u00e0 vous offrir un service de qualit\u00e9. Rebouchages de fissures, ouverture de murs, de fen\u00eatres ou de portes, r\u00e9alisation de dalles ou de chapes, r\u00e9-agr\u00e9ages, travaux d'\u00e9tanch\u00e9it\u00e9 et d'isolation, montage de cloisons, pose de poutres et de sous-plafonds et autres, nos \u00e9quipes fournissent un travail de qualit\u00e9 dans le respect des d\u00e9lais et du cahier des charges, du choix de vos mat\u00e9riaux \u00e0 la faisabilit\u00e9 de votre projet.","breadcrumb":{"@id":"https:\/\/www.projectimmo-france.com\/index.php\/maconnerie\/#breadcrumb"},"inLanguage":"fr-FR","potentialAction":[{"@type":"ReadAction","target":["https:\/\/www.projectimmo-france.com\/index.php\/maconnerie\/"]}]},{"@type":"BreadcrumbList","@id":"https:\/\/www.projectimmo-france.com\/index.php\/maconnerie\/#breadcrumb","itemListElement":[{"@type":"ListItem","position":1,"name":"Accueil","item":"https:\/\/www.projectimmo-france.com\/"},{"@type":"ListItem","position":2,"name":"Ma\u00e7onnerie int\u00e9rieure"}]}]}},"_links":{"self":[{"href":"https:\/\/www.projectimmo-france.com\/index.php\/wp-json\/wp\/v2\/pages\/11580","targetHints":{"allow":["GET"]}}],"collection":[{"href":"https:\/\/www.projectimmo-france.com\/index.php\/wp-json\/wp\/v2\/pages"}],"about":[{"href":"https:\/\/www.projectimmo-france.com\/index.php\/wp-json\/wp\/v2\/types\/page"}],"author":[{"embeddable":true,"href":"https:\/\/www.projectimmo-france.com\/index.php\/wp-json\/wp\/v2\/users\/1"}],"replies":[{"embeddable":true,"href":"https:\/\/www.projectimmo-france.com\/index.php\/wp-json\/wp\/v2\/comments?post=11580"}],"version-history":[{"count":3,"href":"https:\/\/www.projectimmo-france.com\/index.php\/wp-json\/wp\/v2\/pages\/11580\/revisions"}],"predecessor-version":[{"id":11596,"href":"https:\/\/www.projectimmo-france.com\/index.php\/wp-json\/wp\/v2\/pages\/11580\/revisions\/11596"}],"wp:attachment":[{"href":"https:\/\/www.projectimmo-france.com\/index.php\/wp-json\/wp\/v2\/media?parent=11580"}],"curies":[{"name":"wp","href":"https:\/\/api.w.org\/{rel}","templated":true}]}}